{"id":10675,"date":"2025-12-12T12:35:47","date_gmt":"2025-12-12T11:35:47","guid":{"rendered":"https:\/\/peakport.de\/?page_id=10675"},"modified":"2025-12-12T13:30:32","modified_gmt":"2025-12-12T12:30:32","slug":"information","status":"publish","type":"page","link":"https:\/\/peakport.de\/en\/information\/","title":{"rendered":"Information \/ Manufacturer information"},"content":{"rendered":"<div data-elementor-type=\"wp-page\" data-elementor-id=\"10675\" class=\"elementor elementor-10675\" data-elementor-settings=\"{&quot;ha_cmc_init_switcher&quot;:&quot;no&quot;}\" data-elementor-post-type=\"page\">\n\t\t\t\t<div data-particle_enable=\"false\" data-particle-mobile-disabled=\"false\" class=\"elementor-element elementor-element-6208f31 e-flex e-con-boxed e-con e-parent\" data-id=\"6208f31\" data-element_type=\"container\" data-e-type=\"container\" data-settings=\"{&quot;_ha_eqh_enable&quot;:false}\">\n\t\t\t\t\t<div class=\"e-con-inner\">\n\t\t\t\t<div class=\"elementor-element elementor-element-d5ceda1 elementor-widget elementor-widget-heading\" data-id=\"d5ceda1\" data-element_type=\"widget\" data-e-type=\"widget\" data-widget_type=\"heading.default\">\n\t\t\t\t<div class=\"elementor-widget-container\">\n\t\t\t\t\t<h1 class=\"elementor-heading-title elementor-size-default\">Manufacturer information<\/h1>\t\t\t\t<\/div>\n\t\t\t\t<\/div>\n\t\t\t\t\t<\/div>\n\t\t\t\t<\/div>\n\t\t<div data-particle_enable=\"false\" data-particle-mobile-disabled=\"false\" class=\"elementor-element elementor-element-8a31e4d e-flex e-con-boxed e-con e-parent\" data-id=\"8a31e4d\" data-element_type=\"container\" data-e-type=\"container\" data-settings=\"{&quot;_ha_eqh_enable&quot;:false}\">\n\t\t\t\t\t<div class=\"e-con-inner\">\n\t\t\t\t<div class=\"elementor-element elementor-element-5986c1c elementor-widget elementor-widget-text-editor\" data-id=\"5986c1c\" data-element_type=\"widget\" data-e-type=\"widget\" data-widget_type=\"text-editor.default\">\n\t\t\t\t<div class=\"elementor-widget-container\">\n\t\t\t\t\t\t\t\t\t<h2 style=\"text-align: center;\" data-start=\"125\" data-end=\"148\">Alcohol wipes<\/h2><div style=\"text-align: center;\"><h4>Hazard warnings:<\/h4><p><strong>- H225:<\/strong>\u00a0Highly flammable liquid and vapor.<br \/><strong>- H319:<\/strong>\u00a0Causes serious eye irritation.<br \/><strong>- H336:<\/strong>\u00a0May cause drowsiness and dizziness.<\/p><h4>Safety instructions:<\/h4><p><strong>- P102:<\/strong>\u00a0Keep out of the reach of children.<br \/><strong>- P210:<\/strong>\u00a0Keep away from heat, hot surfaces, sparks, open flames and other sources of ignition.<br \/>Do not smoke.<br \/><strong>- P305 + P351 + P338:<\/strong>\u00a0In case of contact with eyes: Rinse cautiously with water for several minutes.<br \/>Remove any contact lenses if possible. Continue rinsing.<br \/><strong>- P403 + P233:<\/strong>\u00a0Store in a well-ventilated place. Keep container tightly closed.<br \/><strong>- P501:<\/strong>\u00a0Dispose of contents\/container in accordance with local\/regional\/national\/international regulations.<\/p><p>&#8212;&#8212;&#8212;&#8212;&#8212;&#8212;&#8212;&#8212;&#8212;<\/p><h4>UFI: VET3-4CNV-PV1R-QE15<\/h4><\/div><p style=\"text-align: center;\">\u00a0<\/p>\t\t\t\t\t\t\t\t<\/div>\n\t\t\t\t<\/div>\n\t\t\t\t\t<\/div>\n\t\t\t\t<\/div>\n\t\t<div data-particle_enable=\"false\" data-particle-mobile-disabled=\"false\" class=\"elementor-element elementor-element-e8aa827 e-flex e-con-boxed e-con e-parent\" data-id=\"e8aa827\" data-element_type=\"container\" data-e-type=\"container\" data-settings=\"{&quot;_ha_eqh_enable&quot;:false}\">\n\t\t\t\t\t<div class=\"e-con-inner\">\n\t\t\t\t<div class=\"elementor-element elementor-element-e7bb73a elementor-widget elementor-widget-text-editor\" data-id=\"e7bb73a\" data-element_type=\"widget\" data-e-type=\"widget\" data-widget_type=\"text-editor.default\">\n\t\t\t\t<div class=\"elementor-widget-container\">\n\t\t\t\t\t\t\t\t\t<h2 style=\"text-align: center;\" data-start=\"125\" data-end=\"148\">Manufacturer's warranty<\/h2><p style=\"text-align: center;\" data-start=\"150\" data-end=\"236\"><strong data-start=\"150\" data-end=\"166\">PEAKPORT GbR<\/strong><br data-start=\"166\" data-end=\"169\" \/>Daimlerstr. 26<br data-start=\"183\" data-end=\"186\" \/>38446 Wolfsburg<br data-start=\"201\" data-end=\"204\" \/>Germany<br data-start=\"215\" data-end=\"218\" \/><a class=\"decorated-link cursor-pointer\" rel=\"noopener\" data-start=\"218\" data-end=\"234\">info@peakport.de<\/a><\/p><p style=\"text-align: center;\" data-start=\"238\" data-end=\"380\">grants the end customer a voluntary manufacturer's warranty of <strong data-start=\"300\" data-end=\"327\">24 months from date of purchase<\/strong> for material and processing defects in the product.<\/p><p style=\"text-align: center;\" data-start=\"382\" data-end=\"562\">The warranty applies exclusively to products purchased directly from PEAKPORT or authorized sales partners and only if used in accordance with the intended purpose.<\/p><p style=\"text-align: center;\" data-start=\"564\" data-end=\"681\">In the event of a warranty claim, PEAKPORT shall, at its discretion, repair, replace or refund the purchase price.<\/p><p style=\"text-align: center;\" data-start=\"683\" data-end=\"878\">This manufacturer's warranty applies in addition to the statutory rights of the consumer and does not restrict these. The statutory warranty rights according to \u00a7\u00a7 437 ff. BGB remain unaffected.<\/p><h3 style=\"text-align: center;\" data-start=\"880\" data-end=\"917\">Excluded from the guarantee<\/h3><p style=\"text-align: center;\" data-start=\"918\" data-end=\"1093\">- <strong>Damage due to improper use or mechanical impact<\/strong><br data-start=\"982\" data-end=\"985\" \/><strong>- Wear and tear due to normal use (e.g. surface abrasion)<\/strong><br data-start=\"1043\" data-end=\"1046\" \/><strong>- Modifications or repairs by third parties<\/strong><\/p><h3 style=\"text-align: center;\" data-start=\"1095\" data-end=\"1119\">Warranty processing<\/h3><p style=\"text-align: center;\" data-start=\"1120\" data-end=\"1301\">An informal notification stating the date of purchase is sufficient to invoke the guarantee,<br \/>the proof of purchase and a brief description of the defect:<br data-start=\"1276\" data-end=\"1279\" \/><strong data-start=\"1279\" data-end=\"1299\"><a class=\"decorated-link cursor-pointer\" rel=\"noopener\" data-start=\"1281\" data-end=\"1297\">service@peakport.de\u00a0<\/a><\/strong><\/p>\t\t\t\t\t\t\t\t<\/div>\n\t\t\t\t<\/div>\n\t\t\t\t\t<\/div>\n\t\t\t\t<\/div>\n\t\t\t\t<\/div>","protected":false},"excerpt":{"rendered":"<p>Herstellerinformationen Alkohol Reinigungst\u00fccher Gefahrenhinweise: &#8211; H225:\u00a0Fl\u00fcssigkeit und Dampf leicht entz\u00fcndbar.&#8211; H319:\u00a0Verursacht schwere Augenreizung.&#8211; H336:\u00a0Kann Schl\u00e4frigkeit und Benommenheit verursachen. Sicherheitshinweise: &#8211; P102:\u00a0Darf nicht in die H\u00e4nde von Kindern gelangen.&#8211; P210:\u00a0Von Hitze, hei\u00dfen Oberfl\u00e4chen, Funken, offenen Flammen und anderen Z\u00fcndquellen fernhalten.Nicht rauchen.&#8211; P305 + P351 + P338:\u00a0Bei Kontakt mit den Augen: Einige Minuten lang behutsam mit Wasser [&hellip;]<\/p>","protected":false},"author":1,"featured_media":0,"parent":0,"menu_order":0,"comment_status":"closed","ping_status":"closed","template":"","meta":{"_monsterinsights_skip_tracking":false,"_monsterinsights_sitenote_active":false,"_monsterinsights_sitenote_note":"","_monsterinsights_sitenote_category":0,"_uf_show_specific_survey":0,"_uf_disable_surveys":false,"footnotes":""},"class_list":["post-10675","page","type-page","status-publish","hentry"],"aioseo_notices":[],"aioseo_head":"\n\t\t<!-- All in One SEO Pro 4.9.0 - aioseo.com -->\n\t<meta name=\"description\" content=\"Herstellerinformationen Alkohol Reinigungst\u00fccherGefahrenhinweise:\u2013 H225: Fl\u00fcssigkeit und Dampf leicht entz\u00fcndbar.\u2013 H319: Verursacht schwere Augenreizung.\u2013 H336: Kann Schl\u00e4frigkeit und Benommenheit verursachen.Sicherheitshinweise:\u2013 P102: Darf nicht in die H\u00e4nde von Kindern gelangen.\u2013 P210: Von Hitze, hei\u00dfen Oberfl\u00e4chen, Funken, offenen Flammen und anderen Z\u00fcndquellen fernhalten.Nicht rauchen.\u2013 P305 + P351 + P338: Bei Kontakt mit den Augen: Einige Minuten lang behutsam mit Wasser sp\u00fclen.Eventuell vorhandene Kontaktlinsen nach\" \/>\n\t<meta name=\"robots\" content=\"max-image-preview:large\" \/>\n\t<meta name=\"google-site-verification\" content=\"g6EyfuWNZpx4ZS6TZ6pkGTSi2mpP8AGEzdLMW_Rrp5g\" \/>\n\t<link rel=\"canonical\" href=\"https:\/\/peakport.de\/en\/information\/\" \/>\n\t<meta name=\"generator\" content=\"All in One SEO Pro (AIOSEO) 4.9.0\" \/>\n\t\t<meta property=\"og:locale\" content=\"en_US\" \/>\n\t\t<meta property=\"og:site_name\" content=\"PEAKPORT -\" \/>\n\t\t<meta property=\"og:type\" content=\"article\" \/>\n\t\t<meta property=\"og:title\" content=\"Information \/ Herstellerangaben - PEAKPORT\" \/>\n\t\t<meta property=\"og:description\" content=\"Herstellerinformationen Alkohol Reinigungst\u00fccherGefahrenhinweise:\u2013 H225: Fl\u00fcssigkeit und Dampf leicht entz\u00fcndbar.\u2013 H319: Verursacht schwere Augenreizung.\u2013 H336: Kann Schl\u00e4frigkeit und Benommenheit verursachen.Sicherheitshinweise:\u2013 P102: Darf nicht in die H\u00e4nde von Kindern gelangen.\u2013 P210: Von Hitze, hei\u00dfen Oberfl\u00e4chen, Funken, offenen Flammen und anderen Z\u00fcndquellen fernhalten.Nicht rauchen.\u2013 P305 + P351 + P338: Bei Kontakt mit den Augen: Einige Minuten lang behutsam mit Wasser sp\u00fclen.Eventuell vorhandene Kontaktlinsen nach\" \/>\n\t\t<meta property=\"og:url\" content=\"https:\/\/peakport.de\/en\/information\/\" \/>\n\t\t<meta property=\"og:image\" content=\"https:\/\/peakport.de\/wp-content\/uploads\/2025\/05\/cropped-peakport_Logo-wb-neu_copyright.png\" \/>\n\t\t<meta property=\"og:image:secure_url\" content=\"https:\/\/peakport.de\/wp-content\/uploads\/2025\/05\/cropped-peakport_Logo-wb-neu_copyright.png\" \/>\n\t\t<meta property=\"article:published_time\" content=\"2025-12-12T11:35:47+00:00\" \/>\n\t\t<meta property=\"article:modified_time\" content=\"2025-12-12T12:30:32+00:00\" \/>\n\t\t<meta name=\"twitter:card\" content=\"summary_large_image\" \/>\n\t\t<meta name=\"twitter:title\" content=\"Information \/ Herstellerangaben - PEAKPORT\" \/>\n\t\t<meta name=\"twitter:description\" content=\"Herstellerinformationen Alkohol Reinigungst\u00fccherGefahrenhinweise:\u2013 H225: Fl\u00fcssigkeit und Dampf leicht entz\u00fcndbar.\u2013 H319: Verursacht schwere Augenreizung.\u2013 H336: Kann Schl\u00e4frigkeit und Benommenheit verursachen.Sicherheitshinweise:\u2013 P102: Darf nicht in die H\u00e4nde von Kindern gelangen.\u2013 P210: Von Hitze, hei\u00dfen Oberfl\u00e4chen, Funken, offenen Flammen und anderen Z\u00fcndquellen fernhalten.Nicht rauchen.\u2013 P305 + P351 + P338: Bei Kontakt mit den Augen: Einige Minuten lang behutsam mit Wasser sp\u00fclen.Eventuell vorhandene Kontaktlinsen nach\" \/>\n\t\t<meta name=\"twitter:image\" content=\"https:\/\/peakport.de\/wp-content\/uploads\/2025\/05\/cropped-peakport_Logo-wb-neu_copyright.png\" \/>\n\t\t<script type=\"application\/ld+json\" class=\"aioseo-schema\">\n\t\t\t{\"@context\":\"https:\\\/\\\/schema.org\",\"@graph\":[{\"@type\":\"BreadcrumbList\",\"@id\":\"https:\\\/\\\/peakport.de\\\/en\\\/information\\\/#breadcrumblist\",\"itemListElement\":[{\"@type\":\"ListItem\",\"@id\":\"https:\\\/\\\/peakport.de\\\/en#listItem\",\"position\":1,\"name\":\"Zu Hause\",\"item\":\"https:\\\/\\\/peakport.de\\\/en\",\"nextItem\":{\"@type\":\"ListItem\",\"@id\":\"https:\\\/\\\/peakport.de\\\/en\\\/information\\\/#listItem\",\"name\":\"Information \\\/ Herstellerangaben\"}},{\"@type\":\"ListItem\",\"@id\":\"https:\\\/\\\/peakport.de\\\/en\\\/information\\\/#listItem\",\"position\":2,\"name\":\"Information \\\/ Herstellerangaben\",\"previousItem\":{\"@type\":\"ListItem\",\"@id\":\"https:\\\/\\\/peakport.de\\\/en#listItem\",\"name\":\"Zu Hause\"}}]},{\"@type\":\"Organization\",\"@id\":\"https:\\\/\\\/peakport.de\\\/en\\\/#organization\",\"name\":\"PEAKPORT\",\"description\":\"Discover Peakport.de for top automotive accessories, home essentials, and DIY tools. Get exclusive discounts, multi-buy offers, and enjoy free shipping across Germany. Shop with confidence through secure checkout, a 30-day return policy, and loyalty rewards on trusted brands.\",\"url\":\"https:\\\/\\\/peakport.de\\\/en\\\/\",\"email\":\"info@peakport.de\",\"telephone\":\"+4953616554406\",\"logo\":{\"@type\":\"ImageObject\",\"url\":\"https:\\\/\\\/peakport.de\\\/wp-content\\\/uploads\\\/2025\\\/05\\\/cropped-peakport_Logo-wb-neu_copyright.png\",\"@id\":\"https:\\\/\\\/peakport.de\\\/en\\\/information\\\/#organizationLogo\",\"width\":2559,\"height\":345},\"image\":{\"@id\":\"https:\\\/\\\/peakport.de\\\/en\\\/information\\\/#organizationLogo\"},\"address\":{\"@id\":\"https:\\\/\\\/peakport.de\\\/en\\\/#postaladdress\",\"@type\":\"PostalAddress\",\"streetAddress\":\"Daimlerstra\\u00dfe 26,\",\"postalCode\":\"38446\",\"addressLocality\":\"Wolfsburg\",\"addressRegion\":\"Niedersachsen\",\"addressCountry\":\"DE\"},\"taxID\":\"19\\\/234\\\/84602\",\"vatID\":\"DE362765260\"},{\"@type\":\"WebPage\",\"@id\":\"https:\\\/\\\/peakport.de\\\/en\\\/information\\\/#webpage\",\"url\":\"https:\\\/\\\/peakport.de\\\/en\\\/information\\\/\",\"name\":\"Information \\\/ Herstellerangaben - PEAKPORT\",\"description\":\"Herstellerinformationen Alkohol Reinigungst\\u00fccherGefahrenhinweise:\\u2013 H225: Fl\\u00fcssigkeit und Dampf leicht entz\\u00fcndbar.\\u2013 H319: Verursacht schwere Augenreizung.\\u2013 H336: Kann Schl\\u00e4frigkeit und Benommenheit verursachen.Sicherheitshinweise:\\u2013 P102: Darf nicht in die H\\u00e4nde von Kindern gelangen.\\u2013 P210: Von Hitze, hei\\u00dfen Oberfl\\u00e4chen, Funken, offenen Flammen und anderen Z\\u00fcndquellen fernhalten.Nicht rauchen.\\u2013 P305 + P351 + P338: Bei Kontakt mit den Augen: Einige Minuten lang behutsam mit Wasser sp\\u00fclen.Eventuell vorhandene Kontaktlinsen nach\",\"inLanguage\":\"en-US\",\"isPartOf\":{\"@id\":\"https:\\\/\\\/peakport.de\\\/en\\\/#website\"},\"breadcrumb\":{\"@id\":\"https:\\\/\\\/peakport.de\\\/en\\\/information\\\/#breadcrumblist\"},\"datePublished\":\"2025-12-12T12:35:47+01:00\",\"dateModified\":\"2025-12-12T13:30:32+01:00\"},{\"@type\":\"WebSite\",\"@id\":\"https:\\\/\\\/peakport.de\\\/en\\\/#website\",\"url\":\"https:\\\/\\\/peakport.de\\\/en\\\/\",\"name\":\"PEAKPORT\",\"inLanguage\":\"en-US\",\"publisher\":{\"@id\":\"https:\\\/\\\/peakport.de\\\/en\\\/#organization\"}}]}\n\t\t<\/script>\n\t\t<!-- All in One SEO Pro -->\r\n\t\t<title>Information \/ Herstellerangaben - PEAKPORT<\/title>\n\n","aioseo_head_json":{"title":"Information \/ Herstellerangaben - PEAKPORT","description":"Herstellerinformationen Alkohol Reinigungst\u00fccherGefahrenhinweise:\u2013 H225: Fl\u00fcssigkeit und Dampf leicht entz\u00fcndbar.\u2013 H319: Verursacht schwere Augenreizung.\u2013 H336: Kann Schl\u00e4frigkeit und Benommenheit verursachen.Sicherheitshinweise:\u2013 P102: Darf nicht in die H\u00e4nde von Kindern gelangen.\u2013 P210: Von Hitze, hei\u00dfen Oberfl\u00e4chen, Funken, offenen Flammen und anderen Z\u00fcndquellen fernhalten.Nicht rauchen.\u2013 P305 + P351 + P338: Bei Kontakt mit den Augen: Einige Minuten lang behutsam mit Wasser sp\u00fclen.Eventuell vorhandene Kontaktlinsen nach","canonical_url":"https:\/\/peakport.de\/en\/information\/","robots":"max-image-preview:large","keywords":"","webmasterTools":{"google-site-verification":"g6EyfuWNZpx4ZS6TZ6pkGTSi2mpP8AGEzdLMW_Rrp5g","miscellaneous":""},"schema":{"@context":"https:\/\/schema.org","@graph":[{"@type":"BreadcrumbList","@id":"https:\/\/peakport.de\/en\/information\/#breadcrumblist","itemListElement":[{"@type":"ListItem","@id":"https:\/\/peakport.de\/en#listItem","position":1,"name":"Zu Hause","item":"https:\/\/peakport.de\/en","nextItem":{"@type":"ListItem","@id":"https:\/\/peakport.de\/en\/information\/#listItem","name":"Information \/ Herstellerangaben"}},{"@type":"ListItem","@id":"https:\/\/peakport.de\/en\/information\/#listItem","position":2,"name":"Information \/ Herstellerangaben","previousItem":{"@type":"ListItem","@id":"https:\/\/peakport.de\/en#listItem","name":"Zu Hause"}}]},{"@type":"Organization","@id":"https:\/\/peakport.de\/en\/#organization","name":"PEAKPORT","description":"Discover Peakport.de for top automotive accessories, home essentials, and DIY tools. Get exclusive discounts, multi-buy offers, and enjoy free shipping across Germany. Shop with confidence through secure checkout, a 30-day return policy, and loyalty rewards on trusted brands.","url":"https:\/\/peakport.de\/en\/","email":"info@peakport.de","telephone":"+4953616554406","logo":{"@type":"ImageObject","url":"https:\/\/peakport.de\/wp-content\/uploads\/2025\/05\/cropped-peakport_Logo-wb-neu_copyright.png","@id":"https:\/\/peakport.de\/en\/information\/#organizationLogo","width":2559,"height":345},"image":{"@id":"https:\/\/peakport.de\/en\/information\/#organizationLogo"},"address":{"@id":"https:\/\/peakport.de\/en\/#postaladdress","@type":"PostalAddress","streetAddress":"Daimlerstra\u00dfe 26,","postalCode":"38446","addressLocality":"Wolfsburg","addressRegion":"Niedersachsen","addressCountry":"DE"},"taxID":"19\/234\/84602","vatID":"DE362765260"},{"@type":"WebPage","@id":"https:\/\/peakport.de\/en\/information\/#webpage","url":"https:\/\/peakport.de\/en\/information\/","name":"Information \/ Herstellerangaben - PEAKPORT","description":"Herstellerinformationen Alkohol Reinigungst\u00fccherGefahrenhinweise:\u2013 H225: Fl\u00fcssigkeit und Dampf leicht entz\u00fcndbar.\u2013 H319: Verursacht schwere Augenreizung.\u2013 H336: Kann Schl\u00e4frigkeit und Benommenheit verursachen.Sicherheitshinweise:\u2013 P102: Darf nicht in die H\u00e4nde von Kindern gelangen.\u2013 P210: Von Hitze, hei\u00dfen Oberfl\u00e4chen, Funken, offenen Flammen und anderen Z\u00fcndquellen fernhalten.Nicht rauchen.\u2013 P305 + P351 + P338: Bei Kontakt mit den Augen: Einige Minuten lang behutsam mit Wasser sp\u00fclen.Eventuell vorhandene Kontaktlinsen nach","inLanguage":"en-US","isPartOf":{"@id":"https:\/\/peakport.de\/en\/#website"},"breadcrumb":{"@id":"https:\/\/peakport.de\/en\/information\/#breadcrumblist"},"datePublished":"2025-12-12T12:35:47+01:00","dateModified":"2025-12-12T13:30:32+01:00"},{"@type":"WebSite","@id":"https:\/\/peakport.de\/en\/#website","url":"https:\/\/peakport.de\/en\/","name":"PEAKPORT","inLanguage":"en-US","publisher":{"@id":"https:\/\/peakport.de\/en\/#organization"}}]},"og:locale":"en_US","og:site_name":"PEAKPORT -","og:type":"article","og:title":"Information \/ Herstellerangaben - PEAKPORT","og:description":"Herstellerinformationen Alkohol Reinigungst\u00fccherGefahrenhinweise:\u2013 H225: Fl\u00fcssigkeit und Dampf leicht entz\u00fcndbar.\u2013 H319: Verursacht schwere Augenreizung.\u2013 H336: Kann Schl\u00e4frigkeit und Benommenheit verursachen.Sicherheitshinweise:\u2013 P102: Darf nicht in die H\u00e4nde von Kindern gelangen.\u2013 P210: Von Hitze, hei\u00dfen Oberfl\u00e4chen, Funken, offenen Flammen und anderen Z\u00fcndquellen fernhalten.Nicht rauchen.\u2013 P305 + P351 + P338: Bei Kontakt mit den Augen: Einige Minuten lang behutsam mit Wasser sp\u00fclen.Eventuell vorhandene Kontaktlinsen nach","og:url":"https:\/\/peakport.de\/en\/information\/","og:image":"https:\/\/peakport.de\/wp-content\/uploads\/2025\/05\/cropped-peakport_Logo-wb-neu_copyright.png","og:image:secure_url":"https:\/\/peakport.de\/wp-content\/uploads\/2025\/05\/cropped-peakport_Logo-wb-neu_copyright.png","article:published_time":"2025-12-12T11:35:47+00:00","article:modified_time":"2025-12-12T12:30:32+00:00","twitter:card":"summary_large_image","twitter:title":"Information \/ Herstellerangaben - PEAKPORT","twitter:description":"Herstellerinformationen Alkohol Reinigungst\u00fccherGefahrenhinweise:\u2013 H225: Fl\u00fcssigkeit und Dampf leicht entz\u00fcndbar.\u2013 H319: Verursacht schwere Augenreizung.\u2013 H336: Kann Schl\u00e4frigkeit und Benommenheit verursachen.Sicherheitshinweise:\u2013 P102: Darf nicht in die H\u00e4nde von Kindern gelangen.\u2013 P210: Von Hitze, hei\u00dfen Oberfl\u00e4chen, Funken, offenen Flammen und anderen Z\u00fcndquellen fernhalten.Nicht rauchen.\u2013 P305 + P351 + P338: Bei Kontakt mit den Augen: Einige Minuten lang behutsam mit Wasser sp\u00fclen.Eventuell vorhandene Kontaktlinsen nach","twitter:image":"https:\/\/peakport.de\/wp-content\/uploads\/2025\/05\/cropped-peakport_Logo-wb-neu_copyright.png"},"aioseo_meta_data":{"post_id":"10675","title":null,"description":null,"keywords":null,"keyphrases":{"focus":{"keyphrase":"","score":0,"analysis":{"keyphraseInTitle":{"score":0,"maxScore":9,"error":1}}},"additional":[]},"primary_term":null,"canonical_url":null,"og_title":null,"og_description":null,"og_object_type":"default","og_image_type":"default","og_image_url":null,"og_image_width":null,"og_image_height":null,"og_image_custom_url":null,"og_image_custom_fields":null,"og_video":"","og_custom_url":null,"og_article_section":null,"og_article_tags":null,"twitter_use_og":false,"twitter_card":"default","twitter_image_type":"default","twitter_image_url":null,"twitter_image_custom_url":null,"twitter_image_custom_fields":null,"twitter_title":null,"twitter_description":null,"schema":{"blockGraphs":[],"customGraphs":[],"default":{"data":{"Article":[],"Course":[],"Dataset":[],"FAQPage":[],"Movie":[],"Person":[],"Product":[],"ProductReview":[],"Car":[],"Recipe":[],"Service":[],"SoftwareApplication":[],"WebPage":[]},"graphName":"WebPage","isEnabled":true},"graphs":[]},"schema_type":"default","schema_type_options":null,"pillar_content":false,"robots_default":true,"robots_noindex":false,"robots_noarchive":false,"robots_nosnippet":false,"robots_nofollow":false,"robots_noimageindex":false,"robots_noodp":false,"robots_notranslate":false,"robots_max_snippet":"-1","robots_max_videopreview":"-1","robots_max_imagepreview":"large","priority":null,"frequency":"default","local_seo":null,"seo_analyzer_scan_date":"2026-01-20 15:36:27","breadcrumb_settings":null,"limit_modified_date":false,"ai":null,"created":"2025-12-12 11:34:46","updated":"2026-01-20 16:38:36"},"aioseo_breadcrumb":"<div class=\"aioseo-breadcrumbs\"><span class=\"aioseo-breadcrumb\">\n\t<a href=\"https:\/\/peakport.de\/en\" title=\"Zu Hause\">Zu Hause<\/a>\n<\/span><span class=\"aioseo-breadcrumb-separator\">&raquo;<\/span><span class=\"aioseo-breadcrumb\">\n\tInformation \/ Herstellerangaben\n<\/span><\/div>","aioseo_breadcrumb_json":[{"label":"Zu Hause","link":"https:\/\/peakport.de\/en"},{"label":"Information \/ Herstellerangaben","link":"https:\/\/peakport.de\/en\/information\/"}],"_links":{"self":[{"href":"https:\/\/peakport.de\/en\/wp-json\/wp\/v2\/pages\/10675","targetHints":{"allow":["GET"]}}],"collection":[{"href":"https:\/\/peakport.de\/en\/wp-json\/wp\/v2\/pages"}],"about":[{"href":"https:\/\/peakport.de\/en\/wp-json\/wp\/v2\/types\/page"}],"author":[{"embeddable":true,"href":"https:\/\/peakport.de\/en\/wp-json\/wp\/v2\/users\/1"}],"replies":[{"embeddable":true,"href":"https:\/\/peakport.de\/en\/wp-json\/wp\/v2\/comments?post=10675"}],"version-history":[{"count":34,"href":"https:\/\/peakport.de\/en\/wp-json\/wp\/v2\/pages\/10675\/revisions"}],"predecessor-version":[{"id":10713,"href":"https:\/\/peakport.de\/en\/wp-json\/wp\/v2\/pages\/10675\/revisions\/10713"}],"wp:attachment":[{"href":"https:\/\/peakport.de\/en\/wp-json\/wp\/v2\/media?parent=10675"}],"curies":[{"name":"wp","href":"https:\/\/api.w.org\/{rel}","templated":true}]}}