{"id":10118,"date":"2025-03-26T15:54:23","date_gmt":"2025-03-26T14:54:23","guid":{"rendered":"https:\/\/peakport.de\/?post_type=product&#038;p=10118"},"modified":"2026-03-11T09:12:37","modified_gmt":"2026-03-11T08:12:37","slug":"fluesterkompressor-druckluft-kompressor-50l","status":"publish","type":"product","link":"https:\/\/peakport.de\/en\/product\/fluester-compressor-air-compressor-50l\/","title":{"rendered":"DEWOOKI Whisper compressor Compressed air compressor 10 bar 2.2 kW 50 liters - DW 350 10"},"content":{"rendered":"<p>Extremely quiet - only 69 dB<br \/>\nNoise makes you ill. The DEWOOKI DW 350 10 whisper compressor ensures a quiet workplace with only 69 dB - no problem even on Sundays. Ideal for anyone who has to work in quiet or sensitive environments.<\/p>\n<p>\u26a1 100 percent copper winding - for more power<br \/>\nHigh-quality copper winding ensures maximum performance and service life.<br \/>\nThe 2x 1100 watt motors (total 2200 watts) deliver powerful performance in a compact design - more reliable than aluminum motors.<\/p>\n<p>Oil-free and low-maintenance - Clean &amp; environmentally friendly<br \/>\nOil-free operation saves maintenance costs and protects the environment.<br \/>\nNo oil residue in the air, no oil change necessary, no disposal - simply efficient.<\/p>\n<p>Integrated water separator - For dry compressed air<br \/>\nAvoid condensation in hoses and tools.<br \/>\nThe integrated water separator keeps your compressed air clean and dry - for precise work.<\/p>\n<p>Equipment at a glance<br \/>\nTwo 1100 watt motors - a total of 2200 watts (3 hp)<br \/>\nExtremely quiet at only 69 dB<br \/>\n50-liter pressure tank<br \/>\n\u2705 Two compressed air connections for flexible working<br \/>\n\u2705 Pressure reducer for individual pressure control<br \/>\n\u2705 Two pressure gauges for perfect control<br \/>\n\u2705 4 air filters with steel housing - durable and robust<br \/>\n\u2705 Automatic start-up relief<br \/>\nBoiler double foot with vibration damper for a secure stand<br \/>\n\u2705 Solid rubber wheels with plastic rims - mobile and stable<br \/>\n\u2705 Condensation drain plug for easy maintenance<\/p>\n<p>Technical data<br \/>\nConnection: 230 V \/ 50 Hz<\/p>\n<p>Protection class: IP23<\/p>\n<p>Motor power: 2x 1100 watts = 2200 watts \/ 3 hp<\/p>\n<p>Engine speed: 2850 rpm<\/p>\n<p>Max. Pressure: 10 bar<\/p>\n<p>Pressure tank volume: 50 liters<\/p>\n<p>Suction capacity: 440 l\/min<\/p>\n<p>Output: 340 l\/min<\/p>\n<p>Automatic switch-off: at 10 bar<\/p>\n<p>Automatic switch-on: at approx. 5.5 bar<\/p>\n<p>Loudness: 69 dB (LWA)<\/p>\n<p>Dimensions: 740 x 370 x 620 mm<\/p>\n<p>Weight: 45 kg<\/p>\n<p>Color: Black matt<\/p>","protected":false},"excerpt":{"rendered":"<p>Extrem leise \u2013 nur 69 dB L\u00e4rm macht krank. Der DEWOOKI Fl\u00fcsterkompressor Druckluft Kompressor DW 350 10 sorgt mit nur 69 dB f\u00fcr einen ruhigen Arbeitsplatz \u2013 selbst sonntags kein Problem. Ideal f\u00fcr alle, die in Ruhe arbeiten oder sensible Umgebungen ber\u00fccksichtigen m\u00fcssen. \u26a1 100 Prozent Kupferwicklung \u2013 F\u00fcr mehr Power Hochwertige Kupferwicklung bringt maximale [&hellip;]<\/p>","protected":false},"featured_media":10119,"comment_status":"open","ping_status":"closed","template":"","meta":{"_monsterinsights_skip_tracking":false,"_monsterinsights_sitenote_active":false,"_monsterinsights_sitenote_note":"","_monsterinsights_sitenote_category":0,"_uf_show_specific_survey":0,"_uf_disable_surveys":false},"product_brand":[485],"product_cat":[357,483,479],"product_tag":[],"class_list":{"0":"post-10118","1":"product","2":"type-product","3":"status-publish","4":"has-post-thumbnail","6":"product_brand-dewooki","7":"product_cat-heimwerken","8":"product_cat-kompressoren","9":"product_cat-druckluftwerkzeuge","10":"product_shipping_class-ids-logitics","12":"first","13":"instock","14":"sale","15":"taxable","16":"shipping-taxable","17":"purchasable","18":"product-type-simple"},"aioseo_notices":[],"aioseo_head":"\n\t\t<!-- All in One SEO Pro 4.9.0 - aioseo.com -->\n\t<meta name=\"description\" content=\"Fl\u00fcsterkompressor Druckluft Kompressor mit 50L Tank, 10 Bar und 2,2 kW Leistung. Nur 69 dB leise, \u00f6lfrei, wartungsarm und mobil \u2013 ideal f\u00fcr Werkstatt und Heim.\" \/>\n\t<meta name=\"robots\" content=\"max-image-preview:large\" \/>\n\t<meta name=\"google-site-verification\" content=\"g6EyfuWNZpx4ZS6TZ6pkGTSi2mpP8AGEzdLMW_Rrp5g\" \/>\n\t<link rel=\"canonical\" href=\"https:\/\/peakport.de\/en\/product\/fluester-compressor-air-compressor-50l\/\" \/>\n\t<meta name=\"generator\" content=\"All in One SEO Pro (AIOSEO) 4.9.0\" \/>\n\t\t<meta property=\"og:locale\" content=\"en_US\" \/>\n\t\t<meta property=\"og:site_name\" content=\"PEAKPORT -\" \/>\n\t\t<meta property=\"og:type\" content=\"article\" \/>\n\t\t<meta property=\"og:title\" content=\"DEWOOKI Fl\u00fcsterkompressor Druckluft Kompressor 10 Bar 2,2 kW 50 Liter \u2013 DW 350 10 - PEAKPORT\" \/>\n\t\t<meta property=\"og:description\" content=\"Fl\u00fcsterkompressor Druckluft Kompressor mit 50L Tank, 10 Bar und 2,2 kW Leistung. Nur 69 dB leise, \u00f6lfrei, wartungsarm und mobil \u2013 ideal f\u00fcr Werkstatt und Heim.\" \/>\n\t\t<meta property=\"og:url\" content=\"https:\/\/peakport.de\/en\/product\/fluester-compressor-air-compressor-50l\/\" \/>\n\t\t<meta property=\"og:image\" content=\"https:\/\/peakport.de\/wp-content\/uploads\/2025\/05\/cropped-peakport_Logo-wb-neu_copyright.png\" \/>\n\t\t<meta property=\"og:image:secure_url\" content=\"https:\/\/peakport.de\/wp-content\/uploads\/2025\/05\/cropped-peakport_Logo-wb-neu_copyright.png\" \/>\n\t\t<meta property=\"article:published_time\" content=\"2025-03-26T14:54:23+00:00\" \/>\n\t\t<meta property=\"article:modified_time\" content=\"2026-03-11T08:12:37+00:00\" \/>\n\t\t<meta name=\"twitter:card\" content=\"summary_large_image\" \/>\n\t\t<meta name=\"twitter:title\" content=\"DEWOOKI Fl\u00fcsterkompressor Druckluft Kompressor 10 Bar 2,2 kW 50 Liter \u2013 DW 350 10 - PEAKPORT\" \/>\n\t\t<meta name=\"twitter:description\" content=\"Fl\u00fcsterkompressor Druckluft Kompressor mit 50L Tank, 10 Bar und 2,2 kW Leistung. Nur 69 dB leise, \u00f6lfrei, wartungsarm und mobil \u2013 ideal f\u00fcr Werkstatt und Heim.\" \/>\n\t\t<meta name=\"twitter:image\" content=\"https:\/\/peakport.de\/wp-content\/uploads\/2025\/05\/cropped-peakport_Logo-wb-neu_copyright.png\" \/>\n\t\t<script type=\"application\/ld+json\" class=\"aioseo-schema\">\n\t\t\t{\"@context\":\"https:\\\/\\\/schema.org\",\"@graph\":[{\"@type\":\"BreadcrumbList\",\"@id\":\"https:\\\/\\\/peakport.de\\\/en\\\/product\\\/fluester-compressor-air-compressor-50l\\\/#breadcrumblist\",\"itemListElement\":[{\"@type\":\"ListItem\",\"@id\":\"https:\\\/\\\/peakport.de\\\/en#listItem\",\"position\":1,\"name\":\"Zu Hause\",\"item\":\"https:\\\/\\\/peakport.de\\\/en\",\"nextItem\":{\"@type\":\"ListItem\",\"@id\":\"https:\\\/\\\/peakport.de\\\/en\\\/store\\\/#listItem\",\"name\":\"Shop\"}},{\"@type\":\"ListItem\",\"@id\":\"https:\\\/\\\/peakport.de\\\/en\\\/store\\\/#listItem\",\"position\":2,\"name\":\"Shop\",\"item\":\"https:\\\/\\\/peakport.de\\\/en\\\/store\\\/\",\"nextItem\":{\"@type\":\"ListItem\",\"@id\":\"https:\\\/\\\/peakport.de\\\/en\\\/brand\\\/dewooki\\\/#listItem\",\"name\":\"DEWOOKI\"},\"previousItem\":{\"@type\":\"ListItem\",\"@id\":\"https:\\\/\\\/peakport.de\\\/en#listItem\",\"name\":\"Zu Hause\"}},{\"@type\":\"ListItem\",\"@id\":\"https:\\\/\\\/peakport.de\\\/en\\\/brand\\\/dewooki\\\/#listItem\",\"position\":3,\"name\":\"DEWOOKI\",\"item\":\"https:\\\/\\\/peakport.de\\\/en\\\/brand\\\/dewooki\\\/\",\"nextItem\":{\"@type\":\"ListItem\",\"@id\":\"https:\\\/\\\/peakport.de\\\/en\\\/product\\\/fluester-compressor-air-compressor-50l\\\/#listItem\",\"name\":\"DEWOOKI Fl\\u00fcsterkompressor Druckluft Kompressor 10 Bar 2,2 kW 50 Liter \\u2013 DW 350 10\"},\"previousItem\":{\"@type\":\"ListItem\",\"@id\":\"https:\\\/\\\/peakport.de\\\/en\\\/store\\\/#listItem\",\"name\":\"Shop\"}},{\"@type\":\"ListItem\",\"@id\":\"https:\\\/\\\/peakport.de\\\/en\\\/product\\\/fluester-compressor-air-compressor-50l\\\/#listItem\",\"position\":4,\"name\":\"DEWOOKI Fl\\u00fcsterkompressor Druckluft Kompressor 10 Bar 2,2 kW 50 Liter \\u2013 DW 350 10\",\"previousItem\":{\"@type\":\"ListItem\",\"@id\":\"https:\\\/\\\/peakport.de\\\/en\\\/brand\\\/dewooki\\\/#listItem\",\"name\":\"DEWOOKI\"}}]},{\"@type\":\"Organization\",\"@id\":\"https:\\\/\\\/peakport.de\\\/en\\\/#organization\",\"name\":\"PEAKPORT\",\"description\":\"Discover Peakport.de for top automotive accessories, home essentials, and DIY tools. Get exclusive discounts, multi-buy offers, and enjoy free shipping across Germany. Shop with confidence through secure checkout, a 30-day return policy, and loyalty rewards on trusted brands.\",\"url\":\"https:\\\/\\\/peakport.de\\\/en\\\/\",\"email\":\"info@peakport.de\",\"telephone\":\"+4953616554406\",\"logo\":{\"@type\":\"ImageObject\",\"url\":\"https:\\\/\\\/peakport.de\\\/wp-content\\\/uploads\\\/2025\\\/05\\\/cropped-peakport_Logo-wb-neu_copyright.png\",\"@id\":\"https:\\\/\\\/peakport.de\\\/en\\\/product\\\/fluester-compressor-air-compressor-50l\\\/#organizationLogo\",\"width\":2559,\"height\":345},\"image\":{\"@id\":\"https:\\\/\\\/peakport.de\\\/en\\\/product\\\/fluester-compressor-air-compressor-50l\\\/#organizationLogo\"},\"address\":{\"@id\":\"https:\\\/\\\/peakport.de\\\/en\\\/#postaladdress\",\"@type\":\"PostalAddress\",\"streetAddress\":\"Daimlerstra\\u00dfe 26,\",\"postalCode\":\"38446\",\"addressLocality\":\"Wolfsburg\",\"addressRegion\":\"Niedersachsen\",\"addressCountry\":\"DE\"},\"taxID\":\"19\\\/234\\\/84602\",\"vatID\":\"DE362765260\"},{\"@type\":\"Product\",\"@id\":\"https:\\\/\\\/peakport.de\\\/en\\\/product\\\/fluester-compressor-air-compressor-50l\\\/#wooCommerceProduct\",\"name\":\"DEWOOKI Fl\\u00fcsterkompressor Druckluft Kompressor 10 Bar 2,2 kW 50 Liter \\u2013 DW 350 10\",\"url\":\"https:\\\/\\\/peakport.de\\\/en\\\/product\\\/fluester-compressor-air-compressor-50l\\\/\",\"brand\":{\"@type\":\"Brand\",\"name\":\"DEWOOKI\"},\"sku\":\"DW350\\\/10\",\"gtin\":\"4170000204633\",\"image\":{\"@type\":\"ImageObject\",\"url\":\"https:\\\/\\\/peakport.de\\\/wp-content\\\/uploads\\\/2025\\\/03\\\/50-3.jpg\",\"@id\":\"https:\\\/\\\/peakport.de\\\/en\\\/product\\\/fluester-compressor-air-compressor-50l\\\/#productImage\",\"width\":2000,\"height\":2000},\"offers\":{\"@type\":\"Offer\",\"url\":\"https:\\\/\\\/peakport.de\\\/en\\\/product\\\/fluester-compressor-air-compressor-50l\\\/#wooCommerceOffer\",\"price\":390,\"priceCurrency\":\"EUR\",\"category\":\"Druckluftwerkzeuge\",\"availability\":\"https:\\\/\\\/schema.org\\\/InStock\",\"priceSpecification\":{\"@type\":\"PriceSpecification\",\"price\":390,\"priceCurrency\":\"EUR\",\"valueAddedTaxIncluded\":\"true\"},\"seller\":{\"@type\":\"Organization\",\"@id\":\"https:\\\/\\\/peakport.de\\\/en\\\/#organization\"}},\"aggregateRating\":{\"@type\":\"AggregateRating\",\"@id\":\"https:\\\/\\\/peakport.de\\\/en\\\/product\\\/fluester-compressor-air-compressor-50l\\\/#aggregrateRating\",\"worstRating\":1,\"bestRating\":5,\"ratingValue\":5,\"reviewCount\":3},\"review\":[{\"@type\":\"Review\",\"reviewRating\":{\"@type\":\"Rating\",\"ratingValue\":5,\"worstRating\":1,\"bestRating\":5},\"author\":{\"@type\":\"Person\",\"name\":\"S. L.\"},\"datePublished\":\"2026-01-20T11:29:56+01:00\",\"reviewBody\":\"Schnelle Lieferung und g\\u00fcnstiger Preis, Kompressor wie beschrieben, gerne wieder\"},{\"@type\":\"Review\",\"reviewRating\":{\"@type\":\"Rating\",\"ratingValue\":5,\"worstRating\":1,\"bestRating\":5},\"author\":{\"@type\":\"Person\",\"name\":\"Stefan\"},\"datePublished\":\"2026-01-01T14:26:20+01:00\",\"reviewBody\":\"Super leise im Gegensatz zu \\u00fcblichen Kompressoren\"},{\"@type\":\"Review\",\"reviewRating\":{\"@type\":\"Rating\",\"ratingValue\":5,\"worstRating\":1,\"bestRating\":5},\"author\":{\"@type\":\"Person\",\"name\":\"Peter L.\"},\"datePublished\":\"2025-12-22T14:22:03+01:00\",\"reviewBody\":\"Sehr angenehm im Betrieb.\\r\\nKaum Vibrationen und deutlich leiser als mein alter Kompressor.\"}]},{\"@type\":\"WebPage\",\"@id\":\"https:\\\/\\\/peakport.de\\\/en\\\/product\\\/fluester-compressor-air-compressor-50l\\\/#webpage\",\"url\":\"https:\\\/\\\/peakport.de\\\/en\\\/product\\\/fluester-compressor-air-compressor-50l\\\/\",\"name\":\"DEWOOKI Fl\\u00fcsterkompressor Druckluft Kompressor 10 Bar 2,2 kW 50 Liter \\u2013 DW 350 10 - PEAKPORT\",\"description\":\"Fl\\u00fcsterkompressor Druckluft Kompressor mit 50L Tank, 10 Bar und 2,2 kW Leistung. Nur 69 dB leise, \\u00f6lfrei, wartungsarm und mobil \\u2013 ideal f\\u00fcr Werkstatt und Heim.\",\"inLanguage\":\"en-US\",\"isPartOf\":{\"@id\":\"https:\\\/\\\/peakport.de\\\/en\\\/#website\"},\"breadcrumb\":{\"@id\":\"https:\\\/\\\/peakport.de\\\/en\\\/product\\\/fluester-compressor-air-compressor-50l\\\/#breadcrumblist\"},\"image\":{\"@type\":\"ImageObject\",\"url\":\"https:\\\/\\\/peakport.de\\\/wp-content\\\/uploads\\\/2025\\\/03\\\/50-3.jpg\",\"@id\":\"https:\\\/\\\/peakport.de\\\/en\\\/product\\\/fluester-compressor-air-compressor-50l\\\/#mainImage\",\"width\":2000,\"height\":2000},\"primaryImageOfPage\":{\"@id\":\"https:\\\/\\\/peakport.de\\\/en\\\/product\\\/fluester-compressor-air-compressor-50l\\\/#mainImage\"},\"datePublished\":\"2025-03-26T15:54:23+01:00\",\"dateModified\":\"2026-03-11T09:12:37+01:00\"},{\"@type\":\"WebSite\",\"@id\":\"https:\\\/\\\/peakport.de\\\/en\\\/#website\",\"url\":\"https:\\\/\\\/peakport.de\\\/en\\\/\",\"name\":\"PEAKPORT\",\"inLanguage\":\"en-US\",\"publisher\":{\"@id\":\"https:\\\/\\\/peakport.de\\\/en\\\/#organization\"}}]}\n\t\t<\/script>\n\t\t<!-- All in One SEO Pro -->\r\n\t\t<title>DEWOOKI Fl\u00fcsterkompressor Druckluft Kompressor 10 Bar 2,2 kW 50 Liter \u2013 DW 350 10 - PEAKPORT<\/title>\n\n","aioseo_head_json":{"title":"DEWOOKI Fl\u00fcsterkompressor Druckluft Kompressor 10 Bar 2,2 kW 50 Liter \u2013 DW 350 10 - PEAKPORT","description":"Fl\u00fcsterkompressor Druckluft Kompressor mit 50L Tank, 10 Bar und 2,2 kW Leistung. Nur 69 dB leise, \u00f6lfrei, wartungsarm und mobil \u2013 ideal f\u00fcr Werkstatt und Heim.","canonical_url":"https:\/\/peakport.de\/en\/product\/fluester-compressor-air-compressor-50l\/","robots":"max-image-preview:large","keywords":"","webmasterTools":{"google-site-verification":"g6EyfuWNZpx4ZS6TZ6pkGTSi2mpP8AGEzdLMW_Rrp5g","miscellaneous":""},"schema":{"@context":"https:\/\/schema.org","@graph":[{"@type":"BreadcrumbList","@id":"https:\/\/peakport.de\/en\/product\/fluester-compressor-air-compressor-50l\/#breadcrumblist","itemListElement":[{"@type":"ListItem","@id":"https:\/\/peakport.de\/en#listItem","position":1,"name":"Zu Hause","item":"https:\/\/peakport.de\/en","nextItem":{"@type":"ListItem","@id":"https:\/\/peakport.de\/en\/store\/#listItem","name":"Shop"}},{"@type":"ListItem","@id":"https:\/\/peakport.de\/en\/store\/#listItem","position":2,"name":"Shop","item":"https:\/\/peakport.de\/en\/store\/","nextItem":{"@type":"ListItem","@id":"https:\/\/peakport.de\/en\/brand\/dewooki\/#listItem","name":"DEWOOKI"},"previousItem":{"@type":"ListItem","@id":"https:\/\/peakport.de\/en#listItem","name":"Zu Hause"}},{"@type":"ListItem","@id":"https:\/\/peakport.de\/en\/brand\/dewooki\/#listItem","position":3,"name":"DEWOOKI","item":"https:\/\/peakport.de\/en\/brand\/dewooki\/","nextItem":{"@type":"ListItem","@id":"https:\/\/peakport.de\/en\/product\/fluester-compressor-air-compressor-50l\/#listItem","name":"DEWOOKI Fl\u00fcsterkompressor Druckluft Kompressor 10 Bar 2,2 kW 50 Liter \u2013 DW 350 10"},"previousItem":{"@type":"ListItem","@id":"https:\/\/peakport.de\/en\/store\/#listItem","name":"Shop"}},{"@type":"ListItem","@id":"https:\/\/peakport.de\/en\/product\/fluester-compressor-air-compressor-50l\/#listItem","position":4,"name":"DEWOOKI Fl\u00fcsterkompressor Druckluft Kompressor 10 Bar 2,2 kW 50 Liter \u2013 DW 350 10","previousItem":{"@type":"ListItem","@id":"https:\/\/peakport.de\/en\/brand\/dewooki\/#listItem","name":"DEWOOKI"}}]},{"@type":"Organization","@id":"https:\/\/peakport.de\/en\/#organization","name":"PEAKPORT","description":"Discover Peakport.de for top automotive accessories, home essentials, and DIY tools. Get exclusive discounts, multi-buy offers, and enjoy free shipping across Germany. Shop with confidence through secure checkout, a 30-day return policy, and loyalty rewards on trusted brands.","url":"https:\/\/peakport.de\/en\/","email":"info@peakport.de","telephone":"+4953616554406","logo":{"@type":"ImageObject","url":"https:\/\/peakport.de\/wp-content\/uploads\/2025\/05\/cropped-peakport_Logo-wb-neu_copyright.png","@id":"https:\/\/peakport.de\/en\/product\/fluester-compressor-air-compressor-50l\/#organizationLogo","width":2559,"height":345},"image":{"@id":"https:\/\/peakport.de\/en\/product\/fluester-compressor-air-compressor-50l\/#organizationLogo"},"address":{"@id":"https:\/\/peakport.de\/en\/#postaladdress","@type":"PostalAddress","streetAddress":"Daimlerstra\u00dfe 26,","postalCode":"38446","addressLocality":"Wolfsburg","addressRegion":"Niedersachsen","addressCountry":"DE"},"taxID":"19\/234\/84602","vatID":"DE362765260"},{"@type":"Product","@id":"https:\/\/peakport.de\/en\/product\/fluester-compressor-air-compressor-50l\/#wooCommerceProduct","name":"DEWOOKI Fl\u00fcsterkompressor Druckluft Kompressor 10 Bar 2,2 kW 50 Liter \u2013 DW 350 10","url":"https:\/\/peakport.de\/en\/product\/fluester-compressor-air-compressor-50l\/","brand":{"@type":"Brand","name":"DEWOOKI"},"sku":"DW350\/10","gtin":"4170000204633","image":{"@type":"ImageObject","url":"https:\/\/peakport.de\/wp-content\/uploads\/2025\/03\/50-3.jpg","@id":"https:\/\/peakport.de\/en\/product\/fluester-compressor-air-compressor-50l\/#productImage","width":2000,"height":2000},"offers":{"@type":"Offer","url":"https:\/\/peakport.de\/en\/product\/fluester-compressor-air-compressor-50l\/#wooCommerceOffer","price":390,"priceCurrency":"EUR","category":"Druckluftwerkzeuge","availability":"https:\/\/schema.org\/InStock","priceSpecification":{"@type":"PriceSpecification","price":390,"priceCurrency":"EUR","valueAddedTaxIncluded":"true"},"seller":{"@type":"Organization","@id":"https:\/\/peakport.de\/en\/#organization"}},"aggregateRating":{"@type":"AggregateRating","@id":"https:\/\/peakport.de\/en\/product\/fluester-compressor-air-compressor-50l\/#aggregrateRating","worstRating":1,"bestRating":5,"ratingValue":5,"reviewCount":3},"review":[{"@type":"Review","reviewRating":{"@type":"Rating","ratingValue":5,"worstRating":1,"bestRating":5},"author":{"@type":"Person","name":"S. L."},"datePublished":"2026-01-20T11:29:56+01:00","reviewBody":"Schnelle Lieferung und g\u00fcnstiger Preis, Kompressor wie beschrieben, gerne wieder"},{"@type":"Review","reviewRating":{"@type":"Rating","ratingValue":5,"worstRating":1,"bestRating":5},"author":{"@type":"Person","name":"Stefan"},"datePublished":"2026-01-01T14:26:20+01:00","reviewBody":"Super leise im Gegensatz zu \u00fcblichen Kompressoren"},{"@type":"Review","reviewRating":{"@type":"Rating","ratingValue":5,"worstRating":1,"bestRating":5},"author":{"@type":"Person","name":"Peter L."},"datePublished":"2025-12-22T14:22:03+01:00","reviewBody":"Sehr angenehm im Betrieb.\r\nKaum Vibrationen und deutlich leiser als mein alter Kompressor."}]},{"@type":"WebPage","@id":"https:\/\/peakport.de\/en\/product\/fluester-compressor-air-compressor-50l\/#webpage","url":"https:\/\/peakport.de\/en\/product\/fluester-compressor-air-compressor-50l\/","name":"DEWOOKI Fl\u00fcsterkompressor Druckluft Kompressor 10 Bar 2,2 kW 50 Liter \u2013 DW 350 10 - PEAKPORT","description":"Fl\u00fcsterkompressor Druckluft Kompressor mit 50L Tank, 10 Bar und 2,2 kW Leistung. Nur 69 dB leise, \u00f6lfrei, wartungsarm und mobil \u2013 ideal f\u00fcr Werkstatt und Heim.","inLanguage":"en-US","isPartOf":{"@id":"https:\/\/peakport.de\/en\/#website"},"breadcrumb":{"@id":"https:\/\/peakport.de\/en\/product\/fluester-compressor-air-compressor-50l\/#breadcrumblist"},"image":{"@type":"ImageObject","url":"https:\/\/peakport.de\/wp-content\/uploads\/2025\/03\/50-3.jpg","@id":"https:\/\/peakport.de\/en\/product\/fluester-compressor-air-compressor-50l\/#mainImage","width":2000,"height":2000},"primaryImageOfPage":{"@id":"https:\/\/peakport.de\/en\/product\/fluester-compressor-air-compressor-50l\/#mainImage"},"datePublished":"2025-03-26T15:54:23+01:00","dateModified":"2026-03-11T09:12:37+01:00"},{"@type":"WebSite","@id":"https:\/\/peakport.de\/en\/#website","url":"https:\/\/peakport.de\/en\/","name":"PEAKPORT","inLanguage":"en-US","publisher":{"@id":"https:\/\/peakport.de\/en\/#organization"}}]},"og:locale":"en_US","og:site_name":"PEAKPORT -","og:type":"article","og:title":"DEWOOKI Fl\u00fcsterkompressor Druckluft Kompressor 10 Bar 2,2 kW 50 Liter \u2013 DW 350 10 - PEAKPORT","og:description":"Fl\u00fcsterkompressor Druckluft Kompressor mit 50L Tank, 10 Bar und 2,2 kW Leistung. Nur 69 dB leise, \u00f6lfrei, wartungsarm und mobil \u2013 ideal f\u00fcr Werkstatt und Heim.","og:url":"https:\/\/peakport.de\/en\/product\/fluester-compressor-air-compressor-50l\/","og:image":"https:\/\/peakport.de\/wp-content\/uploads\/2025\/05\/cropped-peakport_Logo-wb-neu_copyright.png","og:image:secure_url":"https:\/\/peakport.de\/wp-content\/uploads\/2025\/05\/cropped-peakport_Logo-wb-neu_copyright.png","article:published_time":"2025-03-26T14:54:23+00:00","article:modified_time":"2026-03-11T08:12:37+00:00","twitter:card":"summary_large_image","twitter:title":"DEWOOKI Fl\u00fcsterkompressor Druckluft Kompressor 10 Bar 2,2 kW 50 Liter \u2013 DW 350 10 - PEAKPORT","twitter:description":"Fl\u00fcsterkompressor Druckluft Kompressor mit 50L Tank, 10 Bar und 2,2 kW Leistung. Nur 69 dB leise, \u00f6lfrei, wartungsarm und mobil \u2013 ideal f\u00fcr Werkstatt und Heim.","twitter:image":"https:\/\/peakport.de\/wp-content\/uploads\/2025\/05\/cropped-peakport_Logo-wb-neu_copyright.png"},"aioseo_meta_data":{"post_id":"10118","title":null,"description":"Fl\u00fcsterkompressor Druckluft Kompressor mit 50L Tank, 10 Bar und 2,2 kW Leistung. Nur 69 dB leise, \u00f6lfrei, wartungsarm und mobil \u2013 ideal f\u00fcr Werkstatt und Heim.","keywords":null,"keyphrases":{"focus":{"keyphrase":"Fl\u00fcsterkompressor Druckluft Kompressor","score":74,"analysis":{"keyphraseInTitle":{"score":9,"maxScore":9,"error":0},"keyphraseInDescription":{"score":9,"maxScore":9,"error":0},"keyphraseLength":{"score":9,"maxScore":9,"error":0,"length":4},"keyphraseInURL":{"score":1,"maxScore":5,"error":1},"keyphraseInIntroduction":{"score":9,"maxScore":9,"error":0},"keyphraseInSubHeadings":[],"keyphraseInImageAlt":[],"keywordDensity":{"score":0,"type":"low","maxScore":9,"error":1}}},"additional":[]},"primary_term":null,"canonical_url":null,"og_title":null,"og_description":null,"og_object_type":"default","og_image_type":"default","og_image_url":null,"og_image_width":null,"og_image_height":null,"og_image_custom_url":null,"og_image_custom_fields":null,"og_video":"","og_custom_url":null,"og_article_section":null,"og_article_tags":null,"twitter_use_og":false,"twitter_card":"default","twitter_image_type":"default","twitter_image_url":null,"twitter_image_custom_url":null,"twitter_image_custom_fields":null,"twitter_title":null,"twitter_description":null,"schema":{"blockGraphs":[],"customGraphs":[],"default":{"data":{"Article":[],"Course":[],"Dataset":[],"FAQPage":[],"Movie":[],"Person":[],"Product":[],"ProductReview":[],"Car":[],"Recipe":[],"Service":[],"SoftwareApplication":[],"WebPage":[]},"graphName":"Product","isEnabled":true},"graphs":[]},"schema_type":"default","schema_type_options":null,"pillar_content":false,"robots_default":true,"robots_noindex":false,"robots_noarchive":false,"robots_nosnippet":false,"robots_nofollow":false,"robots_noimageindex":false,"robots_noodp":false,"robots_notranslate":false,"robots_max_snippet":"-1","robots_max_videopreview":"-1","robots_max_imagepreview":"large","priority":null,"frequency":"default","local_seo":null,"seo_analyzer_scan_date":"2026-01-20 15:51:56","breadcrumb_settings":null,"limit_modified_date":false,"ai":null,"created":"2025-03-26 14:54:23","updated":"2026-03-11 08:24:36"},"aioseo_breadcrumb":"<div class=\"aioseo-breadcrumbs\"><span class=\"aioseo-breadcrumb\">\n\t<a href=\"https:\/\/peakport.de\/en\" title=\"Zu Hause\">Zu Hause<\/a>\n<\/span><span class=\"aioseo-breadcrumb-separator\">&raquo;<\/span><span class=\"aioseo-breadcrumb\">\n\t<a href=\"https:\/\/peakport.de\/en\/store\/\" title=\"Shop\">Shop<\/a>\n<\/span><span class=\"aioseo-breadcrumb-separator\">&raquo;<\/span><span class=\"aioseo-breadcrumb\">\n\t<a href=\"https:\/\/peakport.de\/en\/brand\/dewooki\/\" title=\"DEWOOKI\">DEWOOKI<\/a>\n<\/span><span class=\"aioseo-breadcrumb-separator\">&raquo;<\/span><span class=\"aioseo-breadcrumb\">\n\tDEWOOKI Fl\u00fcsterkompressor Druckluft Kompressor 10 Bar 2,2 kW 50 Liter \u2013 DW 350 10\n<\/span><\/div>","aioseo_breadcrumb_json":[{"label":"Zu Hause","link":"https:\/\/peakport.de\/en"},{"label":"Shop","link":"https:\/\/peakport.de\/en\/store\/"},{"label":"DEWOOKI","link":"https:\/\/peakport.de\/en\/brand\/dewooki\/"},{"label":"DEWOOKI Fl\u00fcsterkompressor Druckluft Kompressor 10 Bar 2,2 kW 50 Liter \u2013 DW 350 10","link":"https:\/\/peakport.de\/en\/product\/fluester-compressor-air-compressor-50l\/"}],"_links":{"self":[{"href":"https:\/\/peakport.de\/en\/wp-json\/wp\/v2\/product\/10118","targetHints":{"allow":["GET"]}}],"collection":[{"href":"https:\/\/peakport.de\/en\/wp-json\/wp\/v2\/product"}],"about":[{"href":"https:\/\/peakport.de\/en\/wp-json\/wp\/v2\/types\/product"}],"replies":[{"embeddable":true,"href":"https:\/\/peakport.de\/en\/wp-json\/wp\/v2\/comments?post=10118"}],"wp:featuredmedia":[{"embeddable":true,"href":"https:\/\/peakport.de\/en\/wp-json\/wp\/v2\/media\/10119"}],"wp:attachment":[{"href":"https:\/\/peakport.de\/en\/wp-json\/wp\/v2\/media?parent=10118"}],"wp:term":[{"taxonomy":"product_brand","embeddable":true,"href":"https:\/\/peakport.de\/en\/wp-json\/wp\/v2\/product_brand?post=10118"},{"taxonomy":"product_cat","embeddable":true,"href":"https:\/\/peakport.de\/en\/wp-json\/wp\/v2\/product_cat?post=10118"},{"taxonomy":"product_tag","embeddable":true,"href":"https:\/\/peakport.de\/en\/wp-json\/wp\/v2\/product_tag?post=10118"}],"curies":[{"name":"wp","href":"https:\/\/api.w.org\/{rel}","templated":true}]}}