{"id":7490,"date":"2024-04-03T08:03:41","date_gmt":"2024-04-03T08:03:41","guid":{"rendered":"https:\/\/peakport.de\/?post_type=product&#038;p=7490"},"modified":"2025-09-01T15:15:28","modified_gmt":"2025-09-01T13:15:28","slug":"snugliffy-plueschdecke","status":"publish","type":"product","link":"https:\/\/peakport.de\/en\/product\/snugliffy\/","title":{"rendered":"Snugliffy plush blanket"},"content":{"rendered":"<p>This luxurious <a href=\"https:\/\/peakport.de\/en\/our-pick-of-the-coolest-denim-jackets-this-season-2\/\">Blanket<\/a> Snugliffy plush blanket is made of high-quality microfiber polyester, which gives a thick and warm feeling. The material is particularly soft and pleasant on the skin.<\/p>\r\n\r\n\r\n\r\n<p>Its sophisticated look and luxurious feel make it a highlight in any room. Available in several elegant shades, this cuddly blanket has a classic, tufted design.<\/p>\r\n\r\n\r\n\r\n<p>The bright colors do not fade and make it a unique blanket for your home.<\/p>","protected":false},"excerpt":{"rendered":"<details >\n<summary>Material<\/summary>\n<div class=\"cg-accordion-item\">\n<p><span style=\"caret-color: rgba(0, 0, 0, 0.87); color: rgba(0, 0, 0, 0.87); font-family: Roboto, sans-serif; font-size: 14px; letter-spacing: 1px;\">High-quality beetle velvet<\/span><\/p>\n<\/div>\n<\/details>\n<details >\n<summary>Care instructions<\/summary>\n<div class=\"cg-accordion-item\">\n<ul>\n<li>Machine wash 30\u00b0 degrees<\/li>\n<li>Dry hanging<\/li>\n<li>Avoid direct heat and do not use bleach<\/li>\n<li>Do not iron to preserve the quality of your blanket<\/li>\n<\/ul>\n<\/div>\n<\/details>","protected":false},"featured_media":7500,"comment_status":"open","ping_status":"closed","template":"","meta":{"_monsterinsights_skip_tracking":false,"_monsterinsights_sitenote_active":false,"_monsterinsights_sitenote_note":"","_monsterinsights_sitenote_category":0,"_uf_show_specific_survey":0,"_uf_disable_surveys":false},"product_brand":[],"product_cat":[350],"product_tag":[134,360,362,133],"class_list":{"0":"post-7490","1":"product","2":"type-product","3":"status-publish","4":"has-post-thumbnail","6":"product_cat-plueschdecken","7":"product_tag-atmungsaktiv","8":"product_tag-maschinenwaschbar","9":"product_tag-pluesch","10":"product_tag-modern","12":"first","13":"outofstock","14":"sale","15":"taxable","16":"shipping-taxable","17":"purchasable","18":"product-type-variable","19":"has-default-attributes"},"aioseo_notices":[],"aioseo_head":"\n\t\t<!-- All in One SEO Pro 4.9.0 - aioseo.com -->\n\t<meta name=\"description\" content=\"Unsere w\u00e4rmende Snugliffy Pl\u00fcschdecke kann sowohl als Schlafdecke als auch Sofadecke dienen. Hochwertige Pl\u00fcschdecken von PEAKPORT.\" \/>\n\t<meta name=\"robots\" content=\"max-image-preview:large\" \/>\n\t<meta name=\"google-site-verification\" content=\"g6EyfuWNZpx4ZS6TZ6pkGTSi2mpP8AGEzdLMW_Rrp5g\" \/>\n\t<link rel=\"canonical\" href=\"https:\/\/peakport.de\/en\/product\/snugliffy\/\" \/>\n\t<meta name=\"generator\" content=\"All in One SEO Pro (AIOSEO) 4.9.0\" \/>\n\t\t<meta property=\"og:locale\" content=\"en_US\" \/>\n\t\t<meta property=\"og:site_name\" content=\"PEAKPORT -\" \/>\n\t\t<meta property=\"og:type\" content=\"article\" \/>\n\t\t<meta property=\"og:title\" content=\"Snugliffy Pl\u00fcschdecke | Kuscheldecke - PEAKPORT\" \/>\n\t\t<meta property=\"og:description\" content=\"Unsere w\u00e4rmende Snugliffy Pl\u00fcschdecke kann sowohl als Schlafdecke als auch Sofadecke dienen. Hochwertige Pl\u00fcschdecken von PEAKPORT.\" \/>\n\t\t<meta property=\"og:url\" content=\"https:\/\/peakport.de\/en\/product\/snugliffy\/\" \/>\n\t\t<meta property=\"og:image\" content=\"https:\/\/peakport.de\/wp-content\/uploads\/2025\/05\/cropped-peakport_Logo-wb-neu_copyright.png\" \/>\n\t\t<meta property=\"og:image:secure_url\" content=\"https:\/\/peakport.de\/wp-content\/uploads\/2025\/05\/cropped-peakport_Logo-wb-neu_copyright.png\" \/>\n\t\t<meta property=\"article:published_time\" content=\"2024-04-03T08:03:41+00:00\" \/>\n\t\t<meta property=\"article:modified_time\" content=\"2025-09-01T13:15:28+00:00\" \/>\n\t\t<meta name=\"twitter:card\" content=\"summary_large_image\" \/>\n\t\t<meta name=\"twitter:title\" content=\"Snugliffy Pl\u00fcschdecke | Kuscheldecke - PEAKPORT\" \/>\n\t\t<meta name=\"twitter:description\" content=\"Unsere w\u00e4rmende Snugliffy Pl\u00fcschdecke kann sowohl als Schlafdecke als auch Sofadecke dienen. Hochwertige Pl\u00fcschdecken von PEAKPORT.\" \/>\n\t\t<meta name=\"twitter:image\" content=\"https:\/\/peakport.de\/wp-content\/uploads\/2025\/05\/cropped-peakport_Logo-wb-neu_copyright.png\" \/>\n\t\t<script type=\"application\/ld+json\" class=\"aioseo-schema\">\n\t\t\t{\"@context\":\"https:\\\/\\\/schema.org\",\"@graph\":[{\"@type\":\"BreadcrumbList\",\"@id\":\"https:\\\/\\\/peakport.de\\\/en\\\/product\\\/snugliffy\\\/#breadcrumblist\",\"itemListElement\":[{\"@type\":\"ListItem\",\"@id\":\"https:\\\/\\\/peakport.de\\\/en#listItem\",\"position\":1,\"name\":\"Zu Hause\",\"item\":\"https:\\\/\\\/peakport.de\\\/en\",\"nextItem\":{\"@type\":\"ListItem\",\"@id\":\"https:\\\/\\\/peakport.de\\\/en\\\/store\\\/#listItem\",\"name\":\"Shop\"}},{\"@type\":\"ListItem\",\"@id\":\"https:\\\/\\\/peakport.de\\\/en\\\/store\\\/#listItem\",\"position\":2,\"name\":\"Shop\",\"item\":\"https:\\\/\\\/peakport.de\\\/en\\\/store\\\/\",\"nextItem\":{\"@type\":\"ListItem\",\"@id\":\"https:\\\/\\\/peakport.de\\\/en\\\/product-category\\\/home-textiles\\\/#listItem\",\"name\":\"Heimtextilien\"},\"previousItem\":{\"@type\":\"ListItem\",\"@id\":\"https:\\\/\\\/peakport.de\\\/en#listItem\",\"name\":\"Zu Hause\"}},{\"@type\":\"ListItem\",\"@id\":\"https:\\\/\\\/peakport.de\\\/en\\\/product-category\\\/home-textiles\\\/#listItem\",\"position\":3,\"name\":\"Heimtextilien\",\"item\":\"https:\\\/\\\/peakport.de\\\/en\\\/product-category\\\/home-textiles\\\/\",\"nextItem\":{\"@type\":\"ListItem\",\"@id\":\"https:\\\/\\\/peakport.de\\\/en\\\/product-category\\\/home-textiles\\\/living-room-bedspreads\\\/#listItem\",\"name\":\"Wohn- &amp; Tagesdecken\"},\"previousItem\":{\"@type\":\"ListItem\",\"@id\":\"https:\\\/\\\/peakport.de\\\/en\\\/store\\\/#listItem\",\"name\":\"Shop\"}},{\"@type\":\"ListItem\",\"@id\":\"https:\\\/\\\/peakport.de\\\/en\\\/product-category\\\/home-textiles\\\/living-room-bedspreads\\\/#listItem\",\"position\":4,\"name\":\"Wohn- &amp; Tagesdecken\",\"item\":\"https:\\\/\\\/peakport.de\\\/en\\\/product-category\\\/home-textiles\\\/living-room-bedspreads\\\/\",\"nextItem\":{\"@type\":\"ListItem\",\"@id\":\"https:\\\/\\\/peakport.de\\\/en\\\/product-category\\\/home-textiles\\\/living-room-bedspreads\\\/plueschdecken\\\/#listItem\",\"name\":\"Pl\\u00fcschdecken\"},\"previousItem\":{\"@type\":\"ListItem\",\"@id\":\"https:\\\/\\\/peakport.de\\\/en\\\/product-category\\\/home-textiles\\\/#listItem\",\"name\":\"Heimtextilien\"}},{\"@type\":\"ListItem\",\"@id\":\"https:\\\/\\\/peakport.de\\\/en\\\/product-category\\\/home-textiles\\\/living-room-bedspreads\\\/plueschdecken\\\/#listItem\",\"position\":5,\"name\":\"Pl\\u00fcschdecken\",\"item\":\"https:\\\/\\\/peakport.de\\\/en\\\/product-category\\\/home-textiles\\\/living-room-bedspreads\\\/plueschdecken\\\/\",\"nextItem\":{\"@type\":\"ListItem\",\"@id\":\"https:\\\/\\\/peakport.de\\\/en\\\/product\\\/snugliffy\\\/#listItem\",\"name\":\"Snugliffy Pl\\u00fcschdecke\"},\"previousItem\":{\"@type\":\"ListItem\",\"@id\":\"https:\\\/\\\/peakport.de\\\/en\\\/product-category\\\/home-textiles\\\/living-room-bedspreads\\\/#listItem\",\"name\":\"Wohn- &amp; Tagesdecken\"}},{\"@type\":\"ListItem\",\"@id\":\"https:\\\/\\\/peakport.de\\\/en\\\/product\\\/snugliffy\\\/#listItem\",\"position\":6,\"name\":\"Snugliffy Pl\\u00fcschdecke\",\"previousItem\":{\"@type\":\"ListItem\",\"@id\":\"https:\\\/\\\/peakport.de\\\/en\\\/product-category\\\/home-textiles\\\/living-room-bedspreads\\\/plueschdecken\\\/#listItem\",\"name\":\"Pl\\u00fcschdecken\"}}]},{\"@type\":\"Organization\",\"@id\":\"https:\\\/\\\/peakport.de\\\/en\\\/#organization\",\"name\":\"PEAKPORT\",\"description\":\"Discover Peakport.de for top automotive accessories, home essentials, and DIY tools. Get exclusive discounts, multi-buy offers, and enjoy free shipping across Germany. Shop with confidence through secure checkout, a 30-day return policy, and loyalty rewards on trusted brands.\",\"url\":\"https:\\\/\\\/peakport.de\\\/en\\\/\",\"email\":\"info@peakport.de\",\"telephone\":\"+4953616554406\",\"logo\":{\"@type\":\"ImageObject\",\"url\":\"https:\\\/\\\/peakport.de\\\/wp-content\\\/uploads\\\/2025\\\/05\\\/cropped-peakport_Logo-wb-neu_copyright.png\",\"@id\":\"https:\\\/\\\/peakport.de\\\/en\\\/product\\\/snugliffy\\\/#organizationLogo\",\"width\":2559,\"height\":345},\"image\":{\"@id\":\"https:\\\/\\\/peakport.de\\\/en\\\/product\\\/snugliffy\\\/#organizationLogo\"},\"address\":{\"@id\":\"https:\\\/\\\/peakport.de\\\/en\\\/#postaladdress\",\"@type\":\"PostalAddress\",\"streetAddress\":\"Daimlerstra\\u00dfe 26,\",\"postalCode\":\"38446\",\"addressLocality\":\"Wolfsburg\",\"addressRegion\":\"Niedersachsen\",\"addressCountry\":\"DE\"},\"taxID\":\"19\\\/234\\\/84602\",\"vatID\":\"DE362765260\"},{\"@type\":\"ProductGroup\",\"@id\":\"https:\\\/\\\/peakport.de\\\/en\\\/product\\\/snugliffy\\\/#wooCommerceProduct\",\"name\":\"Snugliffy Pl\\u00fcschdecke\",\"description\":\"Material\\r\\nHochwertiger K\\u00e4fersamt\\r\\n\\r\\nPflegehinweise\\r\\n\\r\\nMaschinenw\\u00e4sche 30\\u00b0 Grad\\r\\nH\\u00e4ngend trocknen\\r\\nVermeiden Sie direkte Hitze und verwenden Sie kein Bleichmittel\\r\\nNicht b\\u00fcgeln, um die Qualit\\u00e4t Ihrer Decke zu bewahren\",\"url\":\"https:\\\/\\\/peakport.de\\\/en\\\/product\\\/snugliffy\\\/\",\"image\":{\"@type\":\"ImageObject\",\"url\":\"https:\\\/\\\/peakport.de\\\/wp-content\\\/uploads\\\/2024\\\/04\\\/s-l1600-11.jpg\",\"@id\":\"https:\\\/\\\/peakport.de\\\/en\\\/product\\\/snugliffy\\\/#productImage\",\"width\":800,\"height\":800,\"caption\":\"s l1600 11\"},\"productGroupID\":7490,\"hasVariant\":[{\"@type\":\"Product\",\"@id\":\"https:\\\/\\\/peakport.de\\\/en\\\/product\\\/snugliffy\\\/#wooCommerceProduct\",\"name\":\"Snugliffy Pl\\u00fcschdecke - 150x200cm, creme, ganzjaehrig\",\"description\":\"Material\\r\\nHochwertiger K\\u00e4fersamt\\r\\n\\r\\nPflegehinweise\\r\\n\\r\\nMaschinenw\\u00e4sche 30\\u00b0 Grad\\r\\nH\\u00e4ngend trocknen\\r\\nVermeiden Sie direkte Hitze und verwenden Sie kein Bleichmittel\\r\\nNicht b\\u00fcgeln, um die Qualit\\u00e4t Ihrer Decke zu bewahren\",\"url\":\"https:\\\/\\\/peakport.de\\\/en\\\/product\\\/snugliffy\\\/\",\"sku\":\"KDEPOLKS150\",\"image\":{\"@type\":\"ImageObject\",\"url\":\"https:\\\/\\\/peakport.de\\\/wp-content\\\/uploads\\\/2024\\\/04\\\/s-l1600-4.png\",\"@id\":\"https:\\\/\\\/peakport.de\\\/en\\\/product\\\/snugliffy\\\/#productImage\",\"width\":1500,\"height\":1371,\"caption\":\"s l1600 4\"},\"offers\":{\"@type\":\"Offer\",\"url\":\"https:\\\/\\\/peakport.de\\\/en\\\/product\\\/snugliffy\\\/#wooCommerceOffer\",\"price\":\"19.56\",\"priceCurrency\":\"EUR\",\"category\":\"Pl\\u00fcschdecken\",\"availability\":\"https:\\\/\\\/schema.org\\\/OutOfStock\",\"priceSpecification\":{\"@type\":\"PriceSpecification\",\"price\":19.56,\"priceCurrency\":\"EUR\",\"valueAddedTaxIncluded\":\"true\"}}}]},{\"@type\":\"WebPage\",\"@id\":\"https:\\\/\\\/peakport.de\\\/en\\\/product\\\/snugliffy\\\/#webpage\",\"url\":\"https:\\\/\\\/peakport.de\\\/en\\\/product\\\/snugliffy\\\/\",\"name\":\"Snugliffy Pl\\u00fcschdecke | Kuscheldecke - PEAKPORT\",\"description\":\"Unsere w\\u00e4rmende Snugliffy Pl\\u00fcschdecke kann sowohl als Schlafdecke als auch Sofadecke dienen. Hochwertige Pl\\u00fcschdecken von PEAKPORT.\",\"inLanguage\":\"en-US\",\"isPartOf\":{\"@id\":\"https:\\\/\\\/peakport.de\\\/en\\\/#website\"},\"breadcrumb\":{\"@id\":\"https:\\\/\\\/peakport.de\\\/en\\\/product\\\/snugliffy\\\/#breadcrumblist\"},\"image\":{\"@type\":\"ImageObject\",\"url\":\"https:\\\/\\\/peakport.de\\\/wp-content\\\/uploads\\\/2024\\\/04\\\/s-l1600-11.jpg\",\"@id\":\"https:\\\/\\\/peakport.de\\\/en\\\/product\\\/snugliffy\\\/#mainImage\",\"width\":800,\"height\":800,\"caption\":\"s l1600 11\"},\"primaryImageOfPage\":{\"@id\":\"https:\\\/\\\/peakport.de\\\/en\\\/product\\\/snugliffy\\\/#mainImage\"},\"datePublished\":\"2024-04-03T08:03:41+02:00\",\"dateModified\":\"2025-09-01T15:15:28+02:00\"},{\"@type\":\"WebSite\",\"@id\":\"https:\\\/\\\/peakport.de\\\/en\\\/#website\",\"url\":\"https:\\\/\\\/peakport.de\\\/en\\\/\",\"name\":\"PEAKPORT\",\"inLanguage\":\"en-US\",\"publisher\":{\"@id\":\"https:\\\/\\\/peakport.de\\\/en\\\/#organization\"}}]}\n\t\t<\/script>\n\t\t<!-- All in One SEO Pro -->\r\n\t\t<title>Snugliffy Pl\u00fcschdecke | Kuscheldecke - PEAKPORT<\/title>\n\n","aioseo_head_json":{"title":"Snugliffy Pl\u00fcschdecke | Kuscheldecke - PEAKPORT","description":"Unsere w\u00e4rmende Snugliffy Pl\u00fcschdecke kann sowohl als Schlafdecke als auch Sofadecke dienen. Hochwertige Pl\u00fcschdecken von PEAKPORT.","canonical_url":"https:\/\/peakport.de\/en\/product\/snugliffy\/","robots":"max-image-preview:large","keywords":"","webmasterTools":{"google-site-verification":"g6EyfuWNZpx4ZS6TZ6pkGTSi2mpP8AGEzdLMW_Rrp5g","miscellaneous":""},"schema":{"@context":"https:\/\/schema.org","@graph":[{"@type":"BreadcrumbList","@id":"https:\/\/peakport.de\/en\/product\/snugliffy\/#breadcrumblist","itemListElement":[{"@type":"ListItem","@id":"https:\/\/peakport.de\/en#listItem","position":1,"name":"Zu Hause","item":"https:\/\/peakport.de\/en","nextItem":{"@type":"ListItem","@id":"https:\/\/peakport.de\/en\/store\/#listItem","name":"Shop"}},{"@type":"ListItem","@id":"https:\/\/peakport.de\/en\/store\/#listItem","position":2,"name":"Shop","item":"https:\/\/peakport.de\/en\/store\/","nextItem":{"@type":"ListItem","@id":"https:\/\/peakport.de\/en\/product-category\/home-textiles\/#listItem","name":"Heimtextilien"},"previousItem":{"@type":"ListItem","@id":"https:\/\/peakport.de\/en#listItem","name":"Zu Hause"}},{"@type":"ListItem","@id":"https:\/\/peakport.de\/en\/product-category\/home-textiles\/#listItem","position":3,"name":"Heimtextilien","item":"https:\/\/peakport.de\/en\/product-category\/home-textiles\/","nextItem":{"@type":"ListItem","@id":"https:\/\/peakport.de\/en\/product-category\/home-textiles\/living-room-bedspreads\/#listItem","name":"Wohn- &amp; Tagesdecken"},"previousItem":{"@type":"ListItem","@id":"https:\/\/peakport.de\/en\/store\/#listItem","name":"Shop"}},{"@type":"ListItem","@id":"https:\/\/peakport.de\/en\/product-category\/home-textiles\/living-room-bedspreads\/#listItem","position":4,"name":"Wohn- &amp; Tagesdecken","item":"https:\/\/peakport.de\/en\/product-category\/home-textiles\/living-room-bedspreads\/","nextItem":{"@type":"ListItem","@id":"https:\/\/peakport.de\/en\/product-category\/home-textiles\/living-room-bedspreads\/plueschdecken\/#listItem","name":"Pl\u00fcschdecken"},"previousItem":{"@type":"ListItem","@id":"https:\/\/peakport.de\/en\/product-category\/home-textiles\/#listItem","name":"Heimtextilien"}},{"@type":"ListItem","@id":"https:\/\/peakport.de\/en\/product-category\/home-textiles\/living-room-bedspreads\/plueschdecken\/#listItem","position":5,"name":"Pl\u00fcschdecken","item":"https:\/\/peakport.de\/en\/product-category\/home-textiles\/living-room-bedspreads\/plueschdecken\/","nextItem":{"@type":"ListItem","@id":"https:\/\/peakport.de\/en\/product\/snugliffy\/#listItem","name":"Snugliffy Pl\u00fcschdecke"},"previousItem":{"@type":"ListItem","@id":"https:\/\/peakport.de\/en\/product-category\/home-textiles\/living-room-bedspreads\/#listItem","name":"Wohn- &amp; Tagesdecken"}},{"@type":"ListItem","@id":"https:\/\/peakport.de\/en\/product\/snugliffy\/#listItem","position":6,"name":"Snugliffy Pl\u00fcschdecke","previousItem":{"@type":"ListItem","@id":"https:\/\/peakport.de\/en\/product-category\/home-textiles\/living-room-bedspreads\/plueschdecken\/#listItem","name":"Pl\u00fcschdecken"}}]},{"@type":"Organization","@id":"https:\/\/peakport.de\/en\/#organization","name":"PEAKPORT","description":"Discover Peakport.de for top automotive accessories, home essentials, and DIY tools. Get exclusive discounts, multi-buy offers, and enjoy free shipping across Germany. Shop with confidence through secure checkout, a 30-day return policy, and loyalty rewards on trusted brands.","url":"https:\/\/peakport.de\/en\/","email":"info@peakport.de","telephone":"+4953616554406","logo":{"@type":"ImageObject","url":"https:\/\/peakport.de\/wp-content\/uploads\/2025\/05\/cropped-peakport_Logo-wb-neu_copyright.png","@id":"https:\/\/peakport.de\/en\/product\/snugliffy\/#organizationLogo","width":2559,"height":345},"image":{"@id":"https:\/\/peakport.de\/en\/product\/snugliffy\/#organizationLogo"},"address":{"@id":"https:\/\/peakport.de\/en\/#postaladdress","@type":"PostalAddress","streetAddress":"Daimlerstra\u00dfe 26,","postalCode":"38446","addressLocality":"Wolfsburg","addressRegion":"Niedersachsen","addressCountry":"DE"},"taxID":"19\/234\/84602","vatID":"DE362765260"},{"@type":"ProductGroup","@id":"https:\/\/peakport.de\/en\/product\/snugliffy\/#wooCommerceProduct","name":"Snugliffy Pl\u00fcschdecke","description":"Material\r\nHochwertiger K\u00e4fersamt\r\n\r\nPflegehinweise\r\n\r\nMaschinenw\u00e4sche 30\u00b0 Grad\r\nH\u00e4ngend trocknen\r\nVermeiden Sie direkte Hitze und verwenden Sie kein Bleichmittel\r\nNicht b\u00fcgeln, um die Qualit\u00e4t Ihrer Decke zu bewahren","url":"https:\/\/peakport.de\/en\/product\/snugliffy\/","image":{"@type":"ImageObject","url":"https:\/\/peakport.de\/wp-content\/uploads\/2024\/04\/s-l1600-11.jpg","@id":"https:\/\/peakport.de\/en\/product\/snugliffy\/#productImage","width":800,"height":800,"caption":"s l1600 11"},"productGroupID":7490,"hasVariant":[{"@type":"Product","@id":"https:\/\/peakport.de\/en\/product\/snugliffy\/#wooCommerceProduct","name":"Snugliffy Pl\u00fcschdecke - 150x200cm, creme, ganzjaehrig","description":"Material\r\nHochwertiger K\u00e4fersamt\r\n\r\nPflegehinweise\r\n\r\nMaschinenw\u00e4sche 30\u00b0 Grad\r\nH\u00e4ngend trocknen\r\nVermeiden Sie direkte Hitze und verwenden Sie kein Bleichmittel\r\nNicht b\u00fcgeln, um die Qualit\u00e4t Ihrer Decke zu bewahren","url":"https:\/\/peakport.de\/en\/product\/snugliffy\/","sku":"KDEPOLKS150","image":{"@type":"ImageObject","url":"https:\/\/peakport.de\/wp-content\/uploads\/2024\/04\/s-l1600-4.png","@id":"https:\/\/peakport.de\/en\/product\/snugliffy\/#productImage","width":1500,"height":1371,"caption":"s l1600 4"},"offers":{"@type":"Offer","url":"https:\/\/peakport.de\/en\/product\/snugliffy\/#wooCommerceOffer","price":"19.56","priceCurrency":"EUR","category":"Pl\u00fcschdecken","availability":"https:\/\/schema.org\/OutOfStock","priceSpecification":{"@type":"PriceSpecification","price":19.56,"priceCurrency":"EUR","valueAddedTaxIncluded":"true"}}}]},{"@type":"WebPage","@id":"https:\/\/peakport.de\/en\/product\/snugliffy\/#webpage","url":"https:\/\/peakport.de\/en\/product\/snugliffy\/","name":"Snugliffy Pl\u00fcschdecke | Kuscheldecke - PEAKPORT","description":"Unsere w\u00e4rmende Snugliffy Pl\u00fcschdecke kann sowohl als Schlafdecke als auch Sofadecke dienen. Hochwertige Pl\u00fcschdecken von PEAKPORT.","inLanguage":"en-US","isPartOf":{"@id":"https:\/\/peakport.de\/en\/#website"},"breadcrumb":{"@id":"https:\/\/peakport.de\/en\/product\/snugliffy\/#breadcrumblist"},"image":{"@type":"ImageObject","url":"https:\/\/peakport.de\/wp-content\/uploads\/2024\/04\/s-l1600-11.jpg","@id":"https:\/\/peakport.de\/en\/product\/snugliffy\/#mainImage","width":800,"height":800,"caption":"s l1600 11"},"primaryImageOfPage":{"@id":"https:\/\/peakport.de\/en\/product\/snugliffy\/#mainImage"},"datePublished":"2024-04-03T08:03:41+02:00","dateModified":"2025-09-01T15:15:28+02:00"},{"@type":"WebSite","@id":"https:\/\/peakport.de\/en\/#website","url":"https:\/\/peakport.de\/en\/","name":"PEAKPORT","inLanguage":"en-US","publisher":{"@id":"https:\/\/peakport.de\/en\/#organization"}}]},"og:locale":"en_US","og:site_name":"PEAKPORT -","og:type":"article","og:title":"Snugliffy Pl\u00fcschdecke | Kuscheldecke - PEAKPORT","og:description":"Unsere w\u00e4rmende Snugliffy Pl\u00fcschdecke kann sowohl als Schlafdecke als auch Sofadecke dienen. Hochwertige Pl\u00fcschdecken von PEAKPORT.","og:url":"https:\/\/peakport.de\/en\/product\/snugliffy\/","og:image":"https:\/\/peakport.de\/wp-content\/uploads\/2025\/05\/cropped-peakport_Logo-wb-neu_copyright.png","og:image:secure_url":"https:\/\/peakport.de\/wp-content\/uploads\/2025\/05\/cropped-peakport_Logo-wb-neu_copyright.png","article:published_time":"2024-04-03T08:03:41+00:00","article:modified_time":"2025-09-01T13:15:28+00:00","twitter:card":"summary_large_image","twitter:title":"Snugliffy Pl\u00fcschdecke | Kuscheldecke - PEAKPORT","twitter:description":"Unsere w\u00e4rmende Snugliffy Pl\u00fcschdecke kann sowohl als Schlafdecke als auch Sofadecke dienen. Hochwertige Pl\u00fcschdecken von PEAKPORT.","twitter:image":"https:\/\/peakport.de\/wp-content\/uploads\/2025\/05\/cropped-peakport_Logo-wb-neu_copyright.png"},"aioseo_meta_data":{"post_id":"7490","title":"#post_title | Kuscheldecke #separator_sa #site_title","description":"Unsere w\u00e4rmende Snugliffy Pl\u00fcschdecke kann sowohl als Schlafdecke als auch Sofadecke dienen. Hochwertige Pl\u00fcschdecken von PEAKPORT.","keywords":null,"keyphrases":{"focus":{"keyphrase":"Snugliffy Pl\u00fcschdecke","score":92,"analysis":{"keyphraseInTitle":{"score":9,"maxScore":9,"error":0},"keyphraseInDescription":{"score":9,"maxScore":9,"error":0},"keyphraseLength":{"score":9,"maxScore":9,"error":0,"length":3},"keyphraseInURL":{"score":1,"maxScore":5,"error":1},"keyphraseInIntroduction":{"score":9,"maxScore":9,"error":0},"keyphraseInSubHeadings":[],"keyphraseInImageAlt":[],"keywordDensity":{"type":"best","score":9,"maxScore":9,"error":0}}},"additional":[]},"primary_term":null,"canonical_url":null,"og_title":null,"og_description":null,"og_object_type":"default","og_image_type":"default","og_image_url":null,"og_image_width":null,"og_image_height":null,"og_image_custom_url":null,"og_image_custom_fields":null,"og_video":"","og_custom_url":null,"og_article_section":null,"og_article_tags":null,"twitter_use_og":false,"twitter_card":"default","twitter_image_type":"default","twitter_image_url":null,"twitter_image_custom_url":null,"twitter_image_custom_fields":null,"twitter_title":null,"twitter_description":null,"schema":{"blockGraphs":[],"customGraphs":[],"default":{"data":{"Article":[],"Course":[],"Dataset":[],"FAQPage":[],"Movie":[],"Person":[],"Product":[],"ProductReview":[],"Car":[],"Recipe":[],"Service":[],"SoftwareApplication":[],"WebPage":[]},"graphName":"Product","isEnabled":true},"graphs":[]},"schema_type":"default","schema_type_options":null,"pillar_content":false,"robots_default":true,"robots_noindex":false,"robots_noarchive":false,"robots_nosnippet":false,"robots_nofollow":false,"robots_noimageindex":false,"robots_noodp":false,"robots_notranslate":false,"robots_max_snippet":"-1","robots_max_videopreview":"-1","robots_max_imagepreview":"large","priority":null,"frequency":"default","local_seo":null,"seo_analyzer_scan_date":"2026-01-20 15:57:00","breadcrumb_settings":null,"limit_modified_date":false,"ai":null,"created":"2024-04-03 08:03:42","updated":"2026-01-20 16:39:34"},"aioseo_breadcrumb":"<div class=\"aioseo-breadcrumbs\"><span class=\"aioseo-breadcrumb\">\n\t<a href=\"https:\/\/peakport.de\/en\" title=\"Zu Hause\">Zu Hause<\/a>\n<\/span><span class=\"aioseo-breadcrumb-separator\">&raquo;<\/span><span class=\"aioseo-breadcrumb\">\n\t<a href=\"https:\/\/peakport.de\/en\/store\/\" title=\"Shop\">Shop<\/a>\n<\/span><span class=\"aioseo-breadcrumb-separator\">&raquo;<\/span><span class=\"aioseo-breadcrumb\">\n\t<a href=\"https:\/\/peakport.de\/en\/product-category\/home-textiles\/\" title=\"Heimtextilien\">Heimtextilien<\/a>\n<\/span><span class=\"aioseo-breadcrumb-separator\">&raquo;<\/span><span class=\"aioseo-breadcrumb\">\n\t<a href=\"https:\/\/peakport.de\/en\/product-category\/home-textiles\/living-room-bedspreads\/\" title=\"Wohn- &amp; Tagesdecken\">Wohn- &amp; Tagesdecken<\/a>\n<\/span><span class=\"aioseo-breadcrumb-separator\">&raquo;<\/span><span class=\"aioseo-breadcrumb\">\n\t<a href=\"https:\/\/peakport.de\/en\/product-category\/home-textiles\/living-room-bedspreads\/plueschdecken\/\" title=\"Pl\u00fcschdecken\">Pl\u00fcschdecken<\/a>\n<\/span><span class=\"aioseo-breadcrumb-separator\">&raquo;<\/span><span class=\"aioseo-breadcrumb\">\n\tSnugliffy Pl\u00fcschdecke\n<\/span><\/div>","aioseo_breadcrumb_json":[{"label":"Zu Hause","link":"https:\/\/peakport.de\/en"},{"label":"Shop","link":"https:\/\/peakport.de\/en\/store\/"},{"label":"Heimtextilien","link":"https:\/\/peakport.de\/en\/product-category\/home-textiles\/"},{"label":"Wohn- &amp; Tagesdecken","link":"https:\/\/peakport.de\/en\/product-category\/home-textiles\/living-room-bedspreads\/"},{"label":"Pl\u00fcschdecken","link":"https:\/\/peakport.de\/en\/product-category\/home-textiles\/living-room-bedspreads\/plueschdecken\/"},{"label":"Snugliffy Pl\u00fcschdecke","link":"https:\/\/peakport.de\/en\/product\/snugliffy\/"}],"_links":{"self":[{"href":"https:\/\/peakport.de\/en\/wp-json\/wp\/v2\/product\/7490","targetHints":{"allow":["GET"]}}],"collection":[{"href":"https:\/\/peakport.de\/en\/wp-json\/wp\/v2\/product"}],"about":[{"href":"https:\/\/peakport.de\/en\/wp-json\/wp\/v2\/types\/product"}],"replies":[{"embeddable":true,"href":"https:\/\/peakport.de\/en\/wp-json\/wp\/v2\/comments?post=7490"}],"wp:featuredmedia":[{"embeddable":true,"href":"https:\/\/peakport.de\/en\/wp-json\/wp\/v2\/media\/7500"}],"wp:attachment":[{"href":"https:\/\/peakport.de\/en\/wp-json\/wp\/v2\/media?parent=7490"}],"wp:term":[{"taxonomy":"product_brand","embeddable":true,"href":"https:\/\/peakport.de\/en\/wp-json\/wp\/v2\/product_brand?post=7490"},{"taxonomy":"product_cat","embeddable":true,"href":"https:\/\/peakport.de\/en\/wp-json\/wp\/v2\/product_cat?post=7490"},{"taxonomy":"product_tag","embeddable":true,"href":"https:\/\/peakport.de\/en\/wp-json\/wp\/v2\/product_tag?post=7490"}],"curies":[{"name":"wp","href":"https:\/\/api.w.org\/{rel}","templated":true}]}}